{"id":228,"date":"2025-11-13T10:57:02","date_gmt":"2025-11-13T10:57:02","guid":{"rendered":"http:\/\/nutribrille.fr\/?page_id=228"},"modified":"2025-11-13T10:57:02","modified_gmt":"2025-11-13T10:57:02","slug":"workshop-2","status":"publish","type":"page","link":"https:\/\/nutribrille.fr\/?page_id=228","title":{"rendered":"Coaching Bien-\u00eatre"},"content":{"rendered":"<h1>Coach bien-\u00eatre pr\u00eat de Granville<\/h1>\n<p>Un accompagnement doux pour comprendre tes \u00e9motions, transformer tes habitudes et retrouver \u00e9quilibre &amp; confiance.<\/p>\n<p>\t\t\t\t\t\t\t\t<a href=\"https:\/\/library.elementor.com\/ceramic-workshops-flexbox\/contact-us\/\"><br \/>\n\t\t\t\t\t\t\t\t\tRegister<br \/>\n\t\t\t\t\t<\/a><\/p>\n<h1>Coaching bien-\u00eatre : reconnectez-vous \u00e0 vous-m\u00eame<\/h1>\n<p data-start=\"271\" data-end=\"660\">Le coaching Nutri\u2019Brille s\u2019adresse aux femmes qui veulent retrouver \u00e9quilibre, clart\u00e9 et \u00e9nergie.<br data-start=\"429\" data-end=\"432\" \/>Parce que vos habitudes, vos \u00e9motions et votre quotidien influencent profond\u00e9ment votre alimentation et votre bien-\u00eatre, le coaching vous aide \u00e0 comprendre ce qui se joue en vous\u2026 pour enfin avancer en douceur, mais durablement.<\/p>\n<p>\u00a0<\/p>\n<p data-start=\"662\" data-end=\"827\">Ici, pas de pression.<br data-start=\"683\" data-end=\"686\" \/>Pas d\u2019injonctions.<br data-start=\"704\" data-end=\"707\" \/>Juste un espace bienveillant pour apprendre \u00e0 vous \u00e9couter, \u00e0 vous recentrer et \u00e0 redevenir actrice de votre mieux-\u00eatre.<\/p>\n<h2>Un accompagnement pour comprendre, \u00e9voluer et transformer<\/h2>\n<p data-start=\"901\" data-end=\"1227\">Mon coaching bien-\u00eatre combine :<br data-start=\"933\" data-end=\"936\" \/>\u2714 <strong data-start=\"938\" data-end=\"965\">la gestion des \u00e9motions<\/strong> li\u00e9es \u00e0 l\u2019alimentation<br data-start=\"988\" data-end=\"991\" \/>\u2714 <strong data-start=\"993\" data-end=\"1036\">le d\u00e9veloppement de nouvelles habitudes<\/strong> simples et r\u00e9alistes<br data-start=\"1057\" data-end=\"1060\" \/>\u2714 <strong data-start=\"1062\" data-end=\"1099\">l\u2019am\u00e9lioration de l\u2019estime de soi<\/strong><br data-start=\"1099\" data-end=\"1102\" \/>\u2714 <strong data-start=\"1104\" data-end=\"1146\">l\u2019\u00e9coute active et un soutien r\u00e9gulier<\/strong><br data-start=\"1146\" data-end=\"1149\" \/>\u2714 <strong data-start=\"1151\" data-end=\"1175\">des outils pratiques<\/strong> pour d\u00e9passer les blocages et avancer sereinement<\/p>\n<p data-start=\"1229\" data-end=\"1338\">Chaque s\u00e9ance est enti\u00e8rement personnalis\u00e9e, en fonction de votre rythme, de vos besoins et de vos objectifs.<\/p>\n<h2>Pour qui ? <\/h2>\n<ul>\n<li>\n\t\t\t\t\t\t\t<svg aria-hidden=\"true\" viewBox=\"0 0 512 512\" xmlns=\"http:\/\/www.w3.org\/2000\/svg\"><path d=\"M256 8C119 8 8 119 8 256s111 248 248 248 248-111 248-248S393 8 256 8z\"><\/path><\/svg><br \/>\n\t\t\t\t\t\t\t\t\t\tReprendre confiance en vous\n\t\t\t\t\t\t\t\t\t<\/li>\n<li>\n\t\t\t\t\t\t\t<svg aria-hidden=\"true\" viewBox=\"0 0 512 512\" xmlns=\"http:\/\/www.w3.org\/2000\/svg\"><path d=\"M256 8C119 8 8 119 8 256s111 248 248 248 248-111 248-248S393 8 256 8z\"><\/path><\/svg><br \/>\n\t\t\t\t\t\t\t\t\t\tComprendre vos comportements alimentaires\n\t\t\t\t\t\t\t\t\t<\/li>\n<li>\n\t\t\t\t\t\t\t<svg aria-hidden=\"true\" viewBox=\"0 0 512 512\" xmlns=\"http:\/\/www.w3.org\/2000\/svg\"><path d=\"M256 8C119 8 8 119 8 256s111 248 248 248 248-111 248-248S393 8 256 8z\"><\/path><\/svg><br \/>\n\t\t\t\t\t\t\t\t\t\tSortir du cercle frustrations \/ compulsions\n\t\t\t\t\t\t\t\t\t<\/li>\n<li>\n\t\t\t\t\t\t\t<svg aria-hidden=\"true\" viewBox=\"0 0 512 512\" xmlns=\"http:\/\/www.w3.org\/2000\/svg\"><path d=\"M256 8C119 8 8 119 8 256s111 248 248 248 248-111 248-248S393 8 256 8z\"><\/path><\/svg><br \/>\n\t\t\t\t\t\t\t\t\t\tRetrouver de l\u2019\u00e9nergie au quotidien\n\t\t\t\t\t\t\t\t\t<\/li>\n<li>\n\t\t\t\t\t\t\t<svg aria-hidden=\"true\" viewBox=\"0 0 512 512\" xmlns=\"http:\/\/www.w3.org\/2000\/svg\"><path d=\"M256 8C119 8 8 119 8 256s111 248 248 248 248-111 248-248S393 8 256 8z\"><\/path><\/svg><br \/>\n\t\t\t\t\t\t\t\t\t\tVous sentir align\u00e9e avec vos \u00e9motions et votre corps\n\t\t\t\t\t\t\t\t\t<\/li>\n<li>\n\t\t\t\t\t\t\t<svg aria-hidden=\"true\" viewBox=\"0 0 512 512\" xmlns=\"http:\/\/www.w3.org\/2000\/svg\"><path d=\"M256 8C119 8 8 119 8 256s111 248 248 248 248-111 248-248S393 8 256 8z\"><\/path><\/svg><br \/>\n\t\t\t\t\t\t\t\t\t\t\u00catre accompagn\u00e9e sans jugement\n\t\t\t\t\t\t\t\t\t<\/li>\n<\/ul>\n<p>\t\t\t\t\t\t\tparticipants\u2019 work<\/p>\n<figure><img decoding=\"async\" src=\"http:\/\/nutribrille.fr\/wp-content\/uploads\/2025\/11\/WorkshopPage-WorkGallery-img_1.jpg\" alt=\"WorkshopPage-WorkGallery-img_1.jpg\" \/><\/figure>\n<figure><img decoding=\"async\" src=\"http:\/\/nutribrille.fr\/wp-content\/uploads\/2025\/11\/WorkshopPage-WorkGallery-img_2.jpg\" alt=\"WorkshopPage-WorkGallery-img_2.jpg\" \/><\/figure>\n<figure><img decoding=\"async\" src=\"http:\/\/nutribrille.fr\/wp-content\/uploads\/2025\/11\/WorkshopPage-WorkGallery-img_3.jpg\" alt=\"WorkshopPage-WorkGallery-img_3.jpg\" \/><\/figure>\n<figure><img decoding=\"async\" src=\"http:\/\/nutribrille.fr\/wp-content\/uploads\/2025\/11\/WorkshopPage-WorkGallery-img_4.jpg\" alt=\"WorkshopPage-WorkGallery-img_4.jpg\" \/><\/figure>\n<h2>FAQ<\/h2>\n<p>Lorem ipsum dolor sit amet, consectetur adipiscing elit, sed do eiusmod tempor incididunt ut labore et dolore magna aliqua. Ut enim ad minim venia<\/p>\n<h6 id=\"elementor-tab-title-7561\" data-tab=\"1\" role=\"button\" aria-controls=\"elementor-tab-content-7561\" aria-expanded=\"false\">\n\t\t\t\t\t\t\t\t\t\t\t\t<a tabindex=\"0\">Quelle est la diff\u00e9rence entre le coaching et la di\u00e9t\u00e9tique ?<\/a><br \/>\n\t\t\t\t\t<\/h6>\n<p>La di\u00e9t\u00e9tique travaille principalement sur l\u2019alimentation et l\u2019\u00e9quilibre nutritionnel, tandis que le coaching explore les \u00e9motions, les habitudes, le mental et les comportements.<br data-start=\"1265\" data-end=\"1268\" \/>Les deux peuvent \u00eatre combin\u00e9s pour une transformation plus profonde et durable.<\/p>\n<h6 id=\"elementor-tab-title-7562\" data-tab=\"2\" role=\"button\" aria-controls=\"elementor-tab-content-7562\" aria-expanded=\"false\">\n\t\t\t\t\t\t\t\t\t\t\t\t<a tabindex=\"0\">Comment se d\u00e9roule une s\u00e9ance ?<\/a><br \/>\n\t\t\t\t\t<\/h6>\n<p>Chaque s\u00e9ance dure environ <strong data-start=\"1427\" data-end=\"1433\">1h<\/strong>.<br data-start=\"1434\" data-end=\"1437\" \/>Le coaching remplace-t-il une th\u00e9rapie ?Puis nous avan\u00e7ons pas \u00e0 pas avec des outils concrets, une \u00e9coute bienveillante et un accompagnement adapt\u00e9 \u00e0 votre rythme.<\/p>\n<h6 id=\"elementor-tab-title-7563\" data-tab=\"3\" role=\"button\" aria-controls=\"elementor-tab-content-7563\" aria-expanded=\"false\">\n\t\t\t\t\t\t\t\t\t\t\t\t<a tabindex=\"0\">Le coaching remplace-t-il une th\u00e9rapie ?<\/a><br \/>\n\t\t\t\t\t<\/h6>\n<p>Non. Le coaching bien-\u00eatre accompagne et soutient, mais ne remplace pas un suivi m\u00e9dical ou psychologique si n\u00e9cessaire.<br data-start=\"1836\" data-end=\"1839\" \/>Il est compl\u00e9mentaire, jamais substitutif.<\/p>\n<h6 id=\"elementor-tab-title-8261\" data-tab=\"1\" role=\"button\" aria-controls=\"elementor-tab-content-8261\" aria-expanded=\"false\">\n\t\t\t\t\t\t\t\t\t\t\t\t<a tabindex=\"0\">Combien faut-il de s\u00e9ances pour voir des r\u00e9sultats ?<\/a><br \/>\n\t\t\t\t\t<\/h6>\n<p>Chaque personne est diff\u00e9rente, mais la plupart ressentent des changements d\u00e8s les premi\u00e8res semaines.<br data-start=\"2056\" data-end=\"2059\" \/>Le coaching fonctionne surtout sur la <strong data-start=\"2097\" data-end=\"2111\">r\u00e9gularit\u00e9<\/strong> et l\u2019engagement envers soi-m\u00eame.<\/p>\n<h6 id=\"elementor-tab-title-8262\" data-tab=\"2\" role=\"button\" aria-controls=\"elementor-tab-content-8262\" aria-expanded=\"false\">\n\t\t\t\t\t\t\t\t\t\t\t\t<a tabindex=\"0\">Peut-on faire du coaching seul, sans suivi di\u00e9t\u00e9tique ?<\/a><br \/>\n\t\t\t\t\t<\/h6>\n<p>Oui, totalement.<br data-start=\"2236\" data-end=\"2239\" \/>Le coaching est ind\u00e9pendant.<br data-start=\"2267\" data-end=\"2270\" \/>Cependant, certaines choisissent de combiner les deux pour un accompagnement plus complet.<\/p>\n<h6 id=\"elementor-tab-title-8263\" data-tab=\"3\" role=\"button\" aria-controls=\"elementor-tab-content-8263\" aria-expanded=\"false\">\n\t\t\t\t\t\t\t\t\t\t\t\t<a tabindex=\"0\">Proposes-tu des accompagnements en ligne ?<\/a><br \/>\n\t\t\t\t\t<\/h6>\n<p>Oui, les s\u00e9ances peuvent se faire <strong data-start=\"2457\" data-end=\"2498\">en visio ou en pr\u00e9sentiel \u00e0 Granville<\/strong>, selon vos pr\u00e9f\u00e9rences.<br data-start=\"2522\" data-end=\"2525\" \/>Le coaching fonctionne \u00e0 merveille en ligne.<\/p>\n","protected":false},"excerpt":{"rendered":"<p>Coach bien-\u00eatre pr\u00eat de Granville Un accompagnement doux pour comprendre tes \u00e9motions, transformer tes habitudes et retrouver \u00e9quilibre &amp; confiance. Register Coaching bien-\u00eatre : reconnectez-vous \u00e0 vous-m\u00eame Le coaching Nutri\u2019Brille s\u2019adresse aux femmes qui veulent retrouver \u00e9quilibre, clart\u00e9 et \u00e9nergie.Parce que vos habitudes, vos \u00e9motions et votre quotidien influencent profond\u00e9ment votre alimentation et votre bien-\u00eatre, [&hellip;]<\/p>\n","protected":false},"author":1,"featured_media":59,"parent":0,"menu_order":0,"comment_status":"closed","ping_status":"closed","template":"elementor_header_footer","meta":{"footnotes":""},"folder":[],"class_list":["post-228","page","type-page","status-publish","has-post-thumbnail","hentry"],"_links":{"self":[{"href":"https:\/\/nutribrille.fr\/index.php?rest_route=\/wp\/v2\/pages\/228","targetHints":{"allow":["GET"]}}],"collection":[{"href":"https:\/\/nutribrille.fr\/index.php?rest_route=\/wp\/v2\/pages"}],"about":[{"href":"https:\/\/nutribrille.fr\/index.php?rest_route=\/wp\/v2\/types\/page"}],"author":[{"embeddable":true,"href":"https:\/\/nutribrille.fr\/index.php?rest_route=\/wp\/v2\/users\/1"}],"replies":[{"embeddable":true,"href":"https:\/\/nutribrille.fr\/index.php?rest_route=%2Fwp%2Fv2%2Fcomments&post=228"}],"version-history":[{"count":0,"href":"https:\/\/nutribrille.fr\/index.php?rest_route=\/wp\/v2\/pages\/228\/revisions"}],"wp:featuredmedia":[{"embeddable":true,"href":"https:\/\/nutribrille.fr\/index.php?rest_route=\/wp\/v2\/media\/59"}],"wp:attachment":[{"href":"https:\/\/nutribrille.fr\/index.php?rest_route=%2Fwp%2Fv2%2Fmedia&parent=228"}],"wp:term":[{"taxonomy":"folder","embeddable":true,"href":"https:\/\/nutribrille.fr\/index.php?rest_route=%2Fwp%2Fv2%2Ffolder&post=228"}],"curies":[{"name":"wp","href":"https:\/\/api.w.org\/{rel}","templated":true}]}}